{"id":386,"date":"2026-03-24T22:26:15","date_gmt":"2026-03-24T21:26:15","guid":{"rendered":"https:\/\/sandraghosngestalt.com\/?page_id=386"},"modified":"2026-03-24T22:26:15","modified_gmt":"2026-03-24T21:26:15","slug":"mentions-legales","status":"publish","type":"page","link":"https:\/\/sandraghosngestalt.com\/index.php\/mentions-legales\/","title":{"rendered":"\/mentions-legales"},"content":{"rendered":"\n<p>\u00c9diteur du site : Sandra Ghosn<br>Micro-entrepreneur (auto-entreprise)<br>SIRET : <strong>52929877000031<\/strong><br>Adresse : 295 rue Saint-Jacques, 75005, Paris<br>Email : contact@sandraghosngestalt.com<br>T\u00e9l\u00e9phone : 00 33 (0)7 88 38 60 72<\/p>\n\n\n\n<p>Responsable de la publication :<br>Sandra Ghosn<\/p>\n\n\n\n<p>H\u00e9bergeur du site :<br>WordPress<br>sandraghosngestalt.com<\/p>\n\n\n\n<p>Propri\u00e9t\u00e9 intellectuelle :<br>L\u2019ensemble des contenus pr\u00e9sents sur ce site (textes, images, dessins, etc.) est prot\u00e9g\u00e9 par le droit d\u2019auteur. Toute reproduction, diffusion ou utilisation sans autorisation pr\u00e9alable est interdite.<\/p>\n\n\n\n<p>Responsabilit\u00e9 :<br>Les informations propos\u00e9es sur ce site sont fournies \u00e0 titre informatif. Elles ne remplacent en aucun cas un avis m\u00e9dical ou un suivi th\u00e9rapeutique adapt\u00e9.<\/p>\n","protected":false},"excerpt":{"rendered":"<p>\u00c9diteur du site : Sandra GhosnMicro-entrepreneur (auto-entreprise)SIRET : 52929877000031Adresse : 295 rue Saint-Jacques, 75005, ParisEmail : contact@sandraghosngestalt.comT\u00e9l\u00e9phone : 00 33 (0)7 88 38 60 72 Responsable de la publication :Sandra Ghosn H\u00e9bergeur du site :WordPresssandraghosngestalt.com Propri\u00e9t\u00e9 intellectuelle :L\u2019ensemble des contenus pr\u00e9sents sur ce site (textes, images, dessins, etc.) est prot\u00e9g\u00e9 par le droit d\u2019auteur. Toute [&hellip;]<\/p>\n","protected":false},"author":1,"featured_media":0,"parent":0,"menu_order":0,"comment_status":"closed","ping_status":"closed","template":"","meta":{"two_page_speed":[],"footnotes":""},"class_list":["post-386","page","type-page","status-publish","hentry"],"yoast_head":"<!-- This site is optimized with the Yoast SEO plugin v27.2 - https:\/\/yoast.com\/product\/yoast-seo-wordpress\/ -->\n<title>\/mentions-legales - ***<\/title>\n<meta name=\"robots\" content=\"index, follow, max-snippet:-1, max-image-preview:large, max-video-preview:-1\" \/>\n<link rel=\"canonical\" href=\"https:\/\/sandraghosngestalt.com\/index.php\/mentions-legales\/\" \/>\n<meta property=\"og:locale\" content=\"fr_FR\" \/>\n<meta property=\"og:type\" content=\"article\" \/>\n<meta property=\"og:title\" content=\"\/mentions-legales - ***\" \/>\n<meta property=\"og:description\" content=\"\u00c9diteur du site : Sandra GhosnMicro-entrepreneur (auto-entreprise)SIRET : 52929877000031Adresse : 295 rue Saint-Jacques, 75005, ParisEmail : contact@sandraghosngestalt.comT\u00e9l\u00e9phone : 00 33 (0)7 88 38 60 72 Responsable de la publication :Sandra Ghosn H\u00e9bergeur du site :WordPresssandraghosngestalt.com Propri\u00e9t\u00e9 intellectuelle :L\u2019ensemble des contenus pr\u00e9sents sur ce site (textes, images, dessins, etc.) est prot\u00e9g\u00e9 par le droit d\u2019auteur. Toute [&hellip;]\" \/>\n<meta property=\"og:url\" content=\"https:\/\/sandraghosngestalt.com\/index.php\/mentions-legales\/\" \/>\n<meta property=\"og:site_name\" content=\"***\" \/>\n<meta name=\"twitter:card\" content=\"summary_large_image\" \/>\n<script type=\"application\/ld+json\" class=\"yoast-schema-graph\">{\"@context\":\"https:\/\/schema.org\",\"@graph\":[{\"@type\":\"WebPage\",\"@id\":\"https:\/\/sandraghosngestalt.com\/index.php\/mentions-legales\/\",\"url\":\"https:\/\/sandraghosngestalt.com\/index.php\/mentions-legales\/\",\"name\":\"\/mentions-legales - ***\",\"isPartOf\":{\"@id\":\"https:\/\/sandraghosngestalt.com\/#website\"},\"datePublished\":\"2026-03-24T21:26:15+00:00\",\"breadcrumb\":{\"@id\":\"https:\/\/sandraghosngestalt.com\/index.php\/mentions-legales\/#breadcrumb\"},\"inLanguage\":\"fr-FR\",\"potentialAction\":[{\"@type\":\"ReadAction\",\"target\":[\"https:\/\/sandraghosngestalt.com\/index.php\/mentions-legales\/\"]}]},{\"@type\":\"BreadcrumbList\",\"@id\":\"https:\/\/sandraghosngestalt.com\/index.php\/mentions-legales\/#breadcrumb\",\"itemListElement\":[{\"@type\":\"ListItem\",\"position\":1,\"name\":\"Accueil\",\"item\":\"https:\/\/sandraghosngestalt.com\/\"},{\"@type\":\"ListItem\",\"position\":2,\"name\":\"\/mentions-legales\"}]},{\"@type\":\"WebSite\",\"@id\":\"https:\/\/sandraghosngestalt.com\/#website\",\"url\":\"https:\/\/sandraghosngestalt.com\/\",\"name\":\"sandraghosngestalt\",\"description\":\"Sandra Ghosn accompagnement en gestalt-th\u00e9rapie \u00c0 paris\",\"publisher\":{\"@id\":\"https:\/\/sandraghosngestalt.com\/#\/schema\/person\/eabf355dd1a3d63fcb1302e18a33afde\"},\"potentialAction\":[{\"@type\":\"SearchAction\",\"target\":{\"@type\":\"EntryPoint\",\"urlTemplate\":\"https:\/\/sandraghosngestalt.com\/?s={search_term_string}\"},\"query-input\":{\"@type\":\"PropertyValueSpecification\",\"valueRequired\":true,\"valueName\":\"search_term_string\"}}],\"inLanguage\":\"fr-FR\"},{\"@type\":[\"Person\",\"Organization\"],\"@id\":\"https:\/\/sandraghosngestalt.com\/#\/schema\/person\/eabf355dd1a3d63fcb1302e18a33afde\",\"name\":\"SandraG.Gestalt\",\"image\":{\"@type\":\"ImageObject\",\"inLanguage\":\"fr-FR\",\"@id\":\"https:\/\/sandraghosngestalt.com\/wp-content\/uploads\/2024\/09\/1-1.jpg\",\"url\":\"https:\/\/sandraghosngestalt.com\/wp-content\/uploads\/2024\/09\/1-1.jpg\",\"contentUrl\":\"https:\/\/sandraghosngestalt.com\/wp-content\/uploads\/2024\/09\/1-1.jpg\",\"width\":945,\"height\":945,\"caption\":\"SandraG.Gestalt\"},\"logo\":{\"@id\":\"https:\/\/sandraghosngestalt.com\/wp-content\/uploads\/2024\/09\/1-1.jpg\"},\"sameAs\":[\"http:\/\/sandraghosngestalt.com\"]}]}<\/script>\n<!-- \/ Yoast SEO plugin. -->","yoast_head_json":{"title":"\/mentions-legales - ***","robots":{"index":"index","follow":"follow","max-snippet":"max-snippet:-1","max-image-preview":"max-image-preview:large","max-video-preview":"max-video-preview:-1"},"canonical":"https:\/\/sandraghosngestalt.com\/index.php\/mentions-legales\/","og_locale":"fr_FR","og_type":"article","og_title":"\/mentions-legales - ***","og_description":"\u00c9diteur du site : Sandra GhosnMicro-entrepreneur (auto-entreprise)SIRET : 52929877000031Adresse : 295 rue Saint-Jacques, 75005, ParisEmail : contact@sandraghosngestalt.comT\u00e9l\u00e9phone : 00 33 (0)7 88 38 60 72 Responsable de la publication :Sandra Ghosn H\u00e9bergeur du site :WordPresssandraghosngestalt.com Propri\u00e9t\u00e9 intellectuelle :L\u2019ensemble des contenus pr\u00e9sents sur ce site (textes, images, dessins, etc.) est prot\u00e9g\u00e9 par le droit d\u2019auteur. Toute [&hellip;]","og_url":"https:\/\/sandraghosngestalt.com\/index.php\/mentions-legales\/","og_site_name":"***","twitter_card":"summary_large_image","schema":{"@context":"https:\/\/schema.org","@graph":[{"@type":"WebPage","@id":"https:\/\/sandraghosngestalt.com\/index.php\/mentions-legales\/","url":"https:\/\/sandraghosngestalt.com\/index.php\/mentions-legales\/","name":"\/mentions-legales - ***","isPartOf":{"@id":"https:\/\/sandraghosngestalt.com\/#website"},"datePublished":"2026-03-24T21:26:15+00:00","breadcrumb":{"@id":"https:\/\/sandraghosngestalt.com\/index.php\/mentions-legales\/#breadcrumb"},"inLanguage":"fr-FR","potentialAction":[{"@type":"ReadAction","target":["https:\/\/sandraghosngestalt.com\/index.php\/mentions-legales\/"]}]},{"@type":"BreadcrumbList","@id":"https:\/\/sandraghosngestalt.com\/index.php\/mentions-legales\/#breadcrumb","itemListElement":[{"@type":"ListItem","position":1,"name":"Accueil","item":"https:\/\/sandraghosngestalt.com\/"},{"@type":"ListItem","position":2,"name":"\/mentions-legales"}]},{"@type":"WebSite","@id":"https:\/\/sandraghosngestalt.com\/#website","url":"https:\/\/sandraghosngestalt.com\/","name":"sandraghosngestalt","description":"Sandra Ghosn accompagnement en gestalt-th\u00e9rapie \u00c0 paris","publisher":{"@id":"https:\/\/sandraghosngestalt.com\/#\/schema\/person\/eabf355dd1a3d63fcb1302e18a33afde"},"potentialAction":[{"@type":"SearchAction","target":{"@type":"EntryPoint","urlTemplate":"https:\/\/sandraghosngestalt.com\/?s={search_term_string}"},"query-input":{"@type":"PropertyValueSpecification","valueRequired":true,"valueName":"search_term_string"}}],"inLanguage":"fr-FR"},{"@type":["Person","Organization"],"@id":"https:\/\/sandraghosngestalt.com\/#\/schema\/person\/eabf355dd1a3d63fcb1302e18a33afde","name":"SandraG.Gestalt","image":{"@type":"ImageObject","inLanguage":"fr-FR","@id":"https:\/\/sandraghosngestalt.com\/wp-content\/uploads\/2024\/09\/1-1.jpg","url":"https:\/\/sandraghosngestalt.com\/wp-content\/uploads\/2024\/09\/1-1.jpg","contentUrl":"https:\/\/sandraghosngestalt.com\/wp-content\/uploads\/2024\/09\/1-1.jpg","width":945,"height":945,"caption":"SandraG.Gestalt"},"logo":{"@id":"https:\/\/sandraghosngestalt.com\/wp-content\/uploads\/2024\/09\/1-1.jpg"},"sameAs":["http:\/\/sandraghosngestalt.com"]}]}},"_links":{"self":[{"href":"https:\/\/sandraghosngestalt.com\/index.php\/wp-json\/wp\/v2\/pages\/386","targetHints":{"allow":["GET"]}}],"collection":[{"href":"https:\/\/sandraghosngestalt.com\/index.php\/wp-json\/wp\/v2\/pages"}],"about":[{"href":"https:\/\/sandraghosngestalt.com\/index.php\/wp-json\/wp\/v2\/types\/page"}],"author":[{"embeddable":true,"href":"https:\/\/sandraghosngestalt.com\/index.php\/wp-json\/wp\/v2\/users\/1"}],"replies":[{"embeddable":true,"href":"https:\/\/sandraghosngestalt.com\/index.php\/wp-json\/wp\/v2\/comments?post=386"}],"version-history":[{"count":1,"href":"https:\/\/sandraghosngestalt.com\/index.php\/wp-json\/wp\/v2\/pages\/386\/revisions"}],"predecessor-version":[{"id":393,"href":"https:\/\/sandraghosngestalt.com\/index.php\/wp-json\/wp\/v2\/pages\/386\/revisions\/393"}],"wp:attachment":[{"href":"https:\/\/sandraghosngestalt.com\/index.php\/wp-json\/wp\/v2\/media?parent=386"}],"curies":[{"name":"wp","href":"https:\/\/api.w.org\/{rel}","templated":true}]}}