{"id":388,"date":"2026-03-24T22:28:36","date_gmt":"2026-03-24T21:28:36","guid":{"rendered":"https:\/\/sandraghosngestalt.com\/?page_id=388"},"modified":"2026-03-24T22:28:36","modified_gmt":"2026-03-24T21:28:36","slug":"politique-de-confidentialite","status":"publish","type":"page","link":"https:\/\/sandraghosngestalt.com\/index.php\/politique-de-confidentialite\/","title":{"rendered":"\/politique-de-confidentialite"},"content":{"rendered":"\n<p><strong>Politique de confidentialit\u00e9<\/strong><\/p>\n\n\n\n<p>Dans le cadre de son activit\u00e9, Sandra Ghosn est amen\u00e9e \u00e0 collecter et traiter certaines donn\u00e9es personnelles.<\/p>\n\n\n\n<p><strong>Donn\u00e9es collect\u00e9es :<\/strong><\/p>\n\n\n\n<ul class=\"wp-block-list\">\n<li>Nom et pr\u00e9nom<\/li>\n\n\n\n<li>Adresse email<\/li>\n\n\n\n<li>Num\u00e9ro de t\u00e9l\u00e9phone<\/li>\n\n\n\n<li>Toute information transmise volontairement dans le cadre d\u2019une prise de contact ou d\u2019un accompagnement<\/li>\n<\/ul>\n\n\n\n<p><strong>Finalit\u00e9s :<\/strong><\/p>\n\n\n\n<ul class=\"wp-block-list\">\n<li>Gestion des rendez-vous<\/li>\n\n\n\n<li>Communication avec les clients<\/li>\n\n\n\n<li>Suivi des accompagnements<\/li>\n<\/ul>\n\n\n\n<p><strong>Base l\u00e9gale :<\/strong><br>Le traitement repose sur le consentement de la personne concern\u00e9e.<\/p>\n\n\n\n<p><strong>Dur\u00e9e de conservation :<\/strong><br>Les donn\u00e9es sont conserv\u00e9es pendant la dur\u00e9e n\u00e9cessaire \u00e0 la relation d\u2019accompagnement, puis archiv\u00e9es pendant une dur\u00e9e maximale de 3 ans.<\/p>\n\n\n\n<p><strong>Confidentialit\u00e9 :<\/strong><br>Les donn\u00e9es sont strictement confidentielles et ne sont en aucun cas vendues ou transmises \u00e0 des tiers.<\/p>\n\n\n\n<p><strong>S\u00e9curit\u00e9 :<\/strong><br>Les donn\u00e9es sont stock\u00e9es sur des supports s\u00e9curis\u00e9s et accessibles uniquement par Sandra Ghosn.<\/p>\n\n\n\n<p><strong>Droits des utilisateurs :<\/strong><br>Conform\u00e9ment au RGPD, vous pouvez :<\/p>\n\n\n\n<ul class=\"wp-block-list\">\n<li>acc\u00e9der \u00e0 vos donn\u00e9es<\/li>\n\n\n\n<li>demander leur modification<\/li>\n\n\n\n<li>demander leur suppression<\/li>\n<\/ul>\n\n\n\n<p>Pour exercer ces droits : contact@sandraghosngestalt.com<\/p>\n\n\n\n<p><strong>Cookies :<\/strong><br>Le site peut utiliser des cookies \u00e0 des fins de navigation et de mesure d\u2019audience.<\/p>\n","protected":false},"excerpt":{"rendered":"<p>Politique de confidentialit\u00e9 Dans le cadre de son activit\u00e9, Sandra Ghosn est amen\u00e9e \u00e0 collecter et traiter certaines donn\u00e9es personnelles. Donn\u00e9es collect\u00e9es : Finalit\u00e9s : Base l\u00e9gale :Le traitement repose sur le consentement de la personne concern\u00e9e. Dur\u00e9e de conservation :Les donn\u00e9es sont conserv\u00e9es pendant la dur\u00e9e n\u00e9cessaire \u00e0 la relation d\u2019accompagnement, puis archiv\u00e9es pendant [&hellip;]<\/p>\n","protected":false},"author":1,"featured_media":0,"parent":0,"menu_order":0,"comment_status":"closed","ping_status":"closed","template":"","meta":{"two_page_speed":[],"footnotes":""},"class_list":["post-388","page","type-page","status-publish","hentry"],"yoast_head":"<!-- This site is optimized with the Yoast SEO plugin v27.2 - https:\/\/yoast.com\/product\/yoast-seo-wordpress\/ -->\n<title>\/politique-de-confidentialite - ***<\/title>\n<meta name=\"robots\" content=\"index, follow, max-snippet:-1, max-image-preview:large, max-video-preview:-1\" \/>\n<link rel=\"canonical\" href=\"https:\/\/sandraghosngestalt.com\/index.php\/politique-de-confidentialite\/\" \/>\n<meta property=\"og:locale\" content=\"fr_FR\" \/>\n<meta property=\"og:type\" content=\"article\" \/>\n<meta property=\"og:title\" content=\"\/politique-de-confidentialite - ***\" \/>\n<meta property=\"og:description\" content=\"Politique de confidentialit\u00e9 Dans le cadre de son activit\u00e9, Sandra Ghosn est amen\u00e9e \u00e0 collecter et traiter certaines donn\u00e9es personnelles. Donn\u00e9es collect\u00e9es : Finalit\u00e9s : Base l\u00e9gale :Le traitement repose sur le consentement de la personne concern\u00e9e. Dur\u00e9e de conservation :Les donn\u00e9es sont conserv\u00e9es pendant la dur\u00e9e n\u00e9cessaire \u00e0 la relation d\u2019accompagnement, puis archiv\u00e9es pendant [&hellip;]\" \/>\n<meta property=\"og:url\" content=\"https:\/\/sandraghosngestalt.com\/index.php\/politique-de-confidentialite\/\" \/>\n<meta property=\"og:site_name\" content=\"***\" \/>\n<meta name=\"twitter:card\" content=\"summary_large_image\" \/>\n<meta name=\"twitter:label1\" content=\"Dur\u00e9e de lecture estim\u00e9e\" \/>\n\t<meta name=\"twitter:data1\" content=\"1 minute\" \/>\n<script type=\"application\/ld+json\" class=\"yoast-schema-graph\">{\"@context\":\"https:\/\/schema.org\",\"@graph\":[{\"@type\":\"WebPage\",\"@id\":\"https:\/\/sandraghosngestalt.com\/index.php\/politique-de-confidentialite\/\",\"url\":\"https:\/\/sandraghosngestalt.com\/index.php\/politique-de-confidentialite\/\",\"name\":\"\/politique-de-confidentialite - ***\",\"isPartOf\":{\"@id\":\"https:\/\/sandraghosngestalt.com\/#website\"},\"datePublished\":\"2026-03-24T21:28:36+00:00\",\"breadcrumb\":{\"@id\":\"https:\/\/sandraghosngestalt.com\/index.php\/politique-de-confidentialite\/#breadcrumb\"},\"inLanguage\":\"fr-FR\",\"potentialAction\":[{\"@type\":\"ReadAction\",\"target\":[\"https:\/\/sandraghosngestalt.com\/index.php\/politique-de-confidentialite\/\"]}]},{\"@type\":\"BreadcrumbList\",\"@id\":\"https:\/\/sandraghosngestalt.com\/index.php\/politique-de-confidentialite\/#breadcrumb\",\"itemListElement\":[{\"@type\":\"ListItem\",\"position\":1,\"name\":\"Accueil\",\"item\":\"https:\/\/sandraghosngestalt.com\/\"},{\"@type\":\"ListItem\",\"position\":2,\"name\":\"\/politique-de-confidentialite\"}]},{\"@type\":\"WebSite\",\"@id\":\"https:\/\/sandraghosngestalt.com\/#website\",\"url\":\"https:\/\/sandraghosngestalt.com\/\",\"name\":\"sandraghosngestalt\",\"description\":\"Sandra Ghosn accompagnement en gestalt-th\u00e9rapie \u00c0 paris\",\"publisher\":{\"@id\":\"https:\/\/sandraghosngestalt.com\/#\/schema\/person\/eabf355dd1a3d63fcb1302e18a33afde\"},\"potentialAction\":[{\"@type\":\"SearchAction\",\"target\":{\"@type\":\"EntryPoint\",\"urlTemplate\":\"https:\/\/sandraghosngestalt.com\/?s={search_term_string}\"},\"query-input\":{\"@type\":\"PropertyValueSpecification\",\"valueRequired\":true,\"valueName\":\"search_term_string\"}}],\"inLanguage\":\"fr-FR\"},{\"@type\":[\"Person\",\"Organization\"],\"@id\":\"https:\/\/sandraghosngestalt.com\/#\/schema\/person\/eabf355dd1a3d63fcb1302e18a33afde\",\"name\":\"SandraG.Gestalt\",\"image\":{\"@type\":\"ImageObject\",\"inLanguage\":\"fr-FR\",\"@id\":\"https:\/\/sandraghosngestalt.com\/wp-content\/uploads\/2024\/09\/1-1.jpg\",\"url\":\"https:\/\/sandraghosngestalt.com\/wp-content\/uploads\/2024\/09\/1-1.jpg\",\"contentUrl\":\"https:\/\/sandraghosngestalt.com\/wp-content\/uploads\/2024\/09\/1-1.jpg\",\"width\":945,\"height\":945,\"caption\":\"SandraG.Gestalt\"},\"logo\":{\"@id\":\"https:\/\/sandraghosngestalt.com\/wp-content\/uploads\/2024\/09\/1-1.jpg\"},\"sameAs\":[\"http:\/\/sandraghosngestalt.com\"]}]}<\/script>\n<!-- \/ Yoast SEO plugin. -->","yoast_head_json":{"title":"\/politique-de-confidentialite - ***","robots":{"index":"index","follow":"follow","max-snippet":"max-snippet:-1","max-image-preview":"max-image-preview:large","max-video-preview":"max-video-preview:-1"},"canonical":"https:\/\/sandraghosngestalt.com\/index.php\/politique-de-confidentialite\/","og_locale":"fr_FR","og_type":"article","og_title":"\/politique-de-confidentialite - ***","og_description":"Politique de confidentialit\u00e9 Dans le cadre de son activit\u00e9, Sandra Ghosn est amen\u00e9e \u00e0 collecter et traiter certaines donn\u00e9es personnelles. Donn\u00e9es collect\u00e9es : Finalit\u00e9s : Base l\u00e9gale :Le traitement repose sur le consentement de la personne concern\u00e9e. Dur\u00e9e de conservation :Les donn\u00e9es sont conserv\u00e9es pendant la dur\u00e9e n\u00e9cessaire \u00e0 la relation d\u2019accompagnement, puis archiv\u00e9es pendant [&hellip;]","og_url":"https:\/\/sandraghosngestalt.com\/index.php\/politique-de-confidentialite\/","og_site_name":"***","twitter_card":"summary_large_image","twitter_misc":{"Dur\u00e9e de lecture estim\u00e9e":"1 minute"},"schema":{"@context":"https:\/\/schema.org","@graph":[{"@type":"WebPage","@id":"https:\/\/sandraghosngestalt.com\/index.php\/politique-de-confidentialite\/","url":"https:\/\/sandraghosngestalt.com\/index.php\/politique-de-confidentialite\/","name":"\/politique-de-confidentialite - ***","isPartOf":{"@id":"https:\/\/sandraghosngestalt.com\/#website"},"datePublished":"2026-03-24T21:28:36+00:00","breadcrumb":{"@id":"https:\/\/sandraghosngestalt.com\/index.php\/politique-de-confidentialite\/#breadcrumb"},"inLanguage":"fr-FR","potentialAction":[{"@type":"ReadAction","target":["https:\/\/sandraghosngestalt.com\/index.php\/politique-de-confidentialite\/"]}]},{"@type":"BreadcrumbList","@id":"https:\/\/sandraghosngestalt.com\/index.php\/politique-de-confidentialite\/#breadcrumb","itemListElement":[{"@type":"ListItem","position":1,"name":"Accueil","item":"https:\/\/sandraghosngestalt.com\/"},{"@type":"ListItem","position":2,"name":"\/politique-de-confidentialite"}]},{"@type":"WebSite","@id":"https:\/\/sandraghosngestalt.com\/#website","url":"https:\/\/sandraghosngestalt.com\/","name":"sandraghosngestalt","description":"Sandra Ghosn accompagnement en gestalt-th\u00e9rapie \u00c0 paris","publisher":{"@id":"https:\/\/sandraghosngestalt.com\/#\/schema\/person\/eabf355dd1a3d63fcb1302e18a33afde"},"potentialAction":[{"@type":"SearchAction","target":{"@type":"EntryPoint","urlTemplate":"https:\/\/sandraghosngestalt.com\/?s={search_term_string}"},"query-input":{"@type":"PropertyValueSpecification","valueRequired":true,"valueName":"search_term_string"}}],"inLanguage":"fr-FR"},{"@type":["Person","Organization"],"@id":"https:\/\/sandraghosngestalt.com\/#\/schema\/person\/eabf355dd1a3d63fcb1302e18a33afde","name":"SandraG.Gestalt","image":{"@type":"ImageObject","inLanguage":"fr-FR","@id":"https:\/\/sandraghosngestalt.com\/wp-content\/uploads\/2024\/09\/1-1.jpg","url":"https:\/\/sandraghosngestalt.com\/wp-content\/uploads\/2024\/09\/1-1.jpg","contentUrl":"https:\/\/sandraghosngestalt.com\/wp-content\/uploads\/2024\/09\/1-1.jpg","width":945,"height":945,"caption":"SandraG.Gestalt"},"logo":{"@id":"https:\/\/sandraghosngestalt.com\/wp-content\/uploads\/2024\/09\/1-1.jpg"},"sameAs":["http:\/\/sandraghosngestalt.com"]}]}},"_links":{"self":[{"href":"https:\/\/sandraghosngestalt.com\/index.php\/wp-json\/wp\/v2\/pages\/388","targetHints":{"allow":["GET"]}}],"collection":[{"href":"https:\/\/sandraghosngestalt.com\/index.php\/wp-json\/wp\/v2\/pages"}],"about":[{"href":"https:\/\/sandraghosngestalt.com\/index.php\/wp-json\/wp\/v2\/types\/page"}],"author":[{"embeddable":true,"href":"https:\/\/sandraghosngestalt.com\/index.php\/wp-json\/wp\/v2\/users\/1"}],"replies":[{"embeddable":true,"href":"https:\/\/sandraghosngestalt.com\/index.php\/wp-json\/wp\/v2\/comments?post=388"}],"version-history":[{"count":1,"href":"https:\/\/sandraghosngestalt.com\/index.php\/wp-json\/wp\/v2\/pages\/388\/revisions"}],"predecessor-version":[{"id":394,"href":"https:\/\/sandraghosngestalt.com\/index.php\/wp-json\/wp\/v2\/pages\/388\/revisions\/394"}],"wp:attachment":[{"href":"https:\/\/sandraghosngestalt.com\/index.php\/wp-json\/wp\/v2\/media?parent=388"}],"curies":[{"name":"wp","href":"https:\/\/api.w.org\/{rel}","templated":true}]}}